{"id":477,"date":"2015-11-13T12:55:00","date_gmt":"2015-11-13T12:55:00","guid":{"rendered":"https:\/\/xml-io.proteusthemes.com\/structurepress\/?page_id=477"},"modified":"2021-07-17T08:00:52","modified_gmt":"2021-07-17T13:00:52","slug":"estacion","status":"publish","type":"page","link":"https:\/\/ecosermrancas.com.pe\/web\/servicios\/estacion\/","title":{"rendered":"Estaci\u00f3n de Servicios"},"content":{"rendered":"<div id=\"pl-477\"  class=\"panel-layout\" ><div id=\"pg-477-0\"  class=\"panel-grid panel-no-style\" ><div id=\"pgc-477-0-0\"  class=\"panel-grid-cell\" ><div id=\"panel-477-0-0-0\" class=\"so-panel widget widget_sow-editor panel-first-child\" data-index=\"0\" ><div\n\t\t\t\n\t\t\tclass=\"so-widget-sow-editor so-widget-sow-editor-base\"\n\t\t\t\n\t\t>\n<div class=\"siteorigin-widget-tinymce textwidget\">\n\t<p>ECOSERM Rancas a trav\u00e9s de su Estaci\u00f3n de Servicios viene ampliando sus servicios en la Ciudad Imperial de Ca\u00f1ete, gracias a la preferencia de nuestros clientes que nos motivan a seguir creciendo para llegar a mas peruanos, llevamos mas de trece a\u00f1os en el mercado brindando nuestros servicios con la calidad y respaldo de PRIMAX.<\/p>\n<p>Ofrecemos los siguientes combustibles:<\/p>\n<\/div>\n<\/div><\/div><div id=\"panel-477-0-0-1\" class=\"so-panel widget widget_pw_accordion widget-accordion panel-last-child\" data-index=\"1\" >\t<div class=\"accordion panel-group\" id=\"accordion-widget-0-0-1\" role=\"tablist\" aria-multiselectable=\"true\">\n\t\t\t<div class=\"accordion__panel  panel  panel-default\">\n\t\t\t<div class=\"accordion__heading  panel-heading\" role=\"tab\" id=\"heading-widget-0-0-1-1\">\n\t\t\t\t<h4 class=\"panel-title\">\n\t\t\t\t\t<a class=\"collapsed\" role=\"button\" data-toggle=\"collapse\" data-parent=\"#accordion-widget-0-0-1\" href=\"#collapse-widget-0-0-1-1\" aria-expanded=\"false\" aria-controls=\"collapse-widget-0-0-1-1\">\n\t\t\t\t\t\tDi\u00e9sel B5 Premium\t\t\t\t\t<\/a>\n\t\t\t\t<\/h4>\n\t\t\t<\/div>\n\t\t\t<div id=\"collapse-widget-0-0-1-1\" class=\"accordion__content  panel-collapse  collapse\" role=\"tabpanel\" aria-labelledby=\"heading-widget-0-0-1-1\">\n\t\t\t\t<div class=\"panel-body\">\n\t\t\t\t\t\t\t\t\t<\/div>\n\t\t\t<\/div>\n\t\t<\/div>\n\t\t\t<div class=\"accordion__panel  panel  panel-default\">\n\t\t\t<div class=\"accordion__heading  panel-heading\" role=\"tab\" id=\"heading-widget-0-0-1-2\">\n\t\t\t\t<h4 class=\"panel-title\">\n\t\t\t\t\t<a class=\"collapsed\" role=\"button\" data-toggle=\"collapse\" data-parent=\"#accordion-widget-0-0-1\" href=\"#collapse-widget-0-0-1-2\" aria-expanded=\"false\" aria-controls=\"collapse-widget-0-0-1-2\">\n\t\t\t\t\t\tGasohol de 84 Octanos Premium\t\t\t\t\t<\/a>\n\t\t\t\t<\/h4>\n\t\t\t<\/div>\n\t\t\t<div id=\"collapse-widget-0-0-1-2\" class=\"accordion__content  panel-collapse  collapse\" role=\"tabpanel\" aria-labelledby=\"heading-widget-0-0-1-2\">\n\t\t\t\t<div class=\"panel-body\">\n\t\t\t\t\t\t\t\t\t<\/div>\n\t\t\t<\/div>\n\t\t<\/div>\n\t\t\t<div class=\"accordion__panel  panel  panel-default\">\n\t\t\t<div class=\"accordion__heading  panel-heading\" role=\"tab\" id=\"heading-widget-0-0-1-3\">\n\t\t\t\t<h4 class=\"panel-title\">\n\t\t\t\t\t<a class=\"collapsed\" role=\"button\" data-toggle=\"collapse\" data-parent=\"#accordion-widget-0-0-1\" href=\"#collapse-widget-0-0-1-3\" aria-expanded=\"false\" aria-controls=\"collapse-widget-0-0-1-3\">\n\t\t\t\t\t\tGasohol de 90 Octanos Premium\t\t\t\t\t<\/a>\n\t\t\t\t<\/h4>\n\t\t\t<\/div>\n\t\t\t<div id=\"collapse-widget-0-0-1-3\" class=\"accordion__content  panel-collapse  collapse\" role=\"tabpanel\" aria-labelledby=\"heading-widget-0-0-1-3\">\n\t\t\t\t<div class=\"panel-body\">\n\t\t\t\t\t\t\t\t\t<\/div>\n\t\t\t<\/div>\n\t\t<\/div>\n\t\t\t<div class=\"accordion__panel  panel  panel-default\">\n\t\t\t<div class=\"accordion__heading  panel-heading\" role=\"tab\" id=\"heading-widget-0-0-1-4\">\n\t\t\t\t<h4 class=\"panel-title\">\n\t\t\t\t\t<a class=\"collapsed\" role=\"button\" data-toggle=\"collapse\" data-parent=\"#accordion-widget-0-0-1\" href=\"#collapse-widget-0-0-1-4\" aria-expanded=\"false\" aria-controls=\"collapse-widget-0-0-1-4\">\n\t\t\t\t\t\tGasohol de 95 Octanos Premium\t\t\t\t\t<\/a>\n\t\t\t\t<\/h4>\n\t\t\t<\/div>\n\t\t\t<div id=\"collapse-widget-0-0-1-4\" class=\"accordion__content  panel-collapse  collapse\" role=\"tabpanel\" aria-labelledby=\"heading-widget-0-0-1-4\">\n\t\t\t\t<div class=\"panel-body\">\n\t\t\t\t\t\t\t\t\t<\/div>\n\t\t\t<\/div>\n\t\t<\/div>\n\t\t\t<div class=\"accordion__panel  panel  panel-default\">\n\t\t\t<div class=\"accordion__heading  panel-heading\" role=\"tab\" id=\"heading-widget-0-0-1-5\">\n\t\t\t\t<h4 class=\"panel-title\">\n\t\t\t\t\t<a class=\"collapsed\" role=\"button\" data-toggle=\"collapse\" data-parent=\"#accordion-widget-0-0-1\" href=\"#collapse-widget-0-0-1-5\" aria-expanded=\"false\" aria-controls=\"collapse-widget-0-0-1-5\">\n\t\t\t\t\t\tGas Licuado de Petr\u00f3leo\t\t\t\t\t<\/a>\n\t\t\t\t<\/h4>\n\t\t\t<\/div>\n\t\t\t<div id=\"collapse-widget-0-0-1-5\" class=\"accordion__content  panel-collapse  collapse\" role=\"tabpanel\" aria-labelledby=\"heading-widget-0-0-1-5\">\n\t\t\t\t<div class=\"panel-body\">\n\t\t\t\t\t\t\t\t\t<\/div>\n\t\t\t<\/div>\n\t\t<\/div>\n\t\t\t<\/div>\n\n<\/div><\/div><div id=\"pgc-477-0-1\"  class=\"panel-grid-cell\" ><div id=\"panel-477-0-1-0\" class=\"so-panel widget widget_sow-editor panel-first-child panel-last-child\" data-index=\"2\" ><div\n\t\t\t\n\t\t\tclass=\"so-widget-sow-editor so-widget-sow-editor-base\"\n\t\t\t\n\t\t>\n<div class=\"siteorigin-widget-tinymce textwidget\">\n\t<p><a href=\"https:\/\/ecosermrancas.com.pe\/web\/wp-content\/uploads\/2021\/07\/estacion01.jpg\"><img decoding=\"async\" class=\"alignnone wp-image-1820 size-full\" src=\"https:\/\/ecosermrancas.com.pe\/web\/wp-content\/uploads\/2021\/07\/estacion01.jpg\" alt=\"\" width=\"840\" height=\"420\" srcset=\"https:\/\/ecosermrancas.com.pe\/web\/wp-content\/uploads\/2021\/07\/estacion01.jpg 840w, https:\/\/ecosermrancas.com.pe\/web\/wp-content\/uploads\/2021\/07\/estacion01-300x150.jpg 300w, https:\/\/ecosermrancas.com.pe\/web\/wp-content\/uploads\/2021\/07\/estacion01-768x384.jpg 768w, https:\/\/ecosermrancas.com.pe\/web\/wp-content\/uploads\/2021\/07\/estacion01-540x270.jpg 540w, https:\/\/ecosermrancas.com.pe\/web\/wp-content\/uploads\/2021\/07\/estacion01-600x300.jpg 600w\" sizes=\"(max-width: 840px) 100vw, 840px\" \/><\/a><a href=\"https:\/\/ecosermrancas.com.pe\/web\/wp-content\/uploads\/2021\/07\/estacion02.jpg\"><img decoding=\"async\" class=\"alignnone wp-image-1821 size-full\" src=\"https:\/\/ecosermrancas.com.pe\/web\/wp-content\/uploads\/2021\/07\/estacion02.jpg\" alt=\"\" width=\"840\" height=\"420\" srcset=\"https:\/\/ecosermrancas.com.pe\/web\/wp-content\/uploads\/2021\/07\/estacion02.jpg 840w, https:\/\/ecosermrancas.com.pe\/web\/wp-content\/uploads\/2021\/07\/estacion02-300x150.jpg 300w, https:\/\/ecosermrancas.com.pe\/web\/wp-content\/uploads\/2021\/07\/estacion02-768x384.jpg 768w, https:\/\/ecosermrancas.com.pe\/web\/wp-content\/uploads\/2021\/07\/estacion02-540x270.jpg 540w, https:\/\/ecosermrancas.com.pe\/web\/wp-content\/uploads\/2021\/07\/estacion02-600x300.jpg 600w\" sizes=\"(max-width: 840px) 100vw, 840px\" \/><\/a><\/p>\n<\/div>\n<\/div><\/div><\/div><\/div><\/div>","protected":false},"excerpt":{"rendered":"<p>ECOSERM Rancas a trav\u00e9s de su Estaci\u00f3n de Servicios viene ampliando sus servicios en la Ciudad Imperial de Ca\u00f1ete, gracias a la preferencia de nuestros clientes que nos motivan a seguir creciendo para llegar a mas peruanos, llevamos mas de trece a\u00f1os en el mercado brindando nuestros servicios con la calidad y respaldo de PRIMAX.<\/p>\n","protected":false},"author":1,"featured_media":1820,"parent":43,"menu_order":0,"comment_status":"closed","ping_status":"closed","template":"","meta":{"_acf_changed":false,"_monsterinsights_skip_tracking":false,"_monsterinsights_sitenote_active":false,"_monsterinsights_sitenote_note":"","_monsterinsights_sitenote_category":0,"footnotes":""},"class_list":["post-477","page","type-page","status-publish","has-post-thumbnail","hentry"],"acf":[],"_links":{"self":[{"href":"https:\/\/ecosermrancas.com.pe\/web\/wp-json\/wp\/v2\/pages\/477","targetHints":{"allow":["GET"]}}],"collection":[{"href":"https:\/\/ecosermrancas.com.pe\/web\/wp-json\/wp\/v2\/pages"}],"about":[{"href":"https:\/\/ecosermrancas.com.pe\/web\/wp-json\/wp\/v2\/types\/page"}],"author":[{"embeddable":true,"href":"https:\/\/ecosermrancas.com.pe\/web\/wp-json\/wp\/v2\/users\/1"}],"replies":[{"embeddable":true,"href":"https:\/\/ecosermrancas.com.pe\/web\/wp-json\/wp\/v2\/comments?post=477"}],"version-history":[{"count":20,"href":"https:\/\/ecosermrancas.com.pe\/web\/wp-json\/wp\/v2\/pages\/477\/revisions"}],"predecessor-version":[{"id":1873,"href":"https:\/\/ecosermrancas.com.pe\/web\/wp-json\/wp\/v2\/pages\/477\/revisions\/1873"}],"up":[{"embeddable":true,"href":"https:\/\/ecosermrancas.com.pe\/web\/wp-json\/wp\/v2\/pages\/43"}],"wp:featuredmedia":[{"embeddable":true,"href":"https:\/\/ecosermrancas.com.pe\/web\/wp-json\/wp\/v2\/media\/1820"}],"wp:attachment":[{"href":"https:\/\/ecosermrancas.com.pe\/web\/wp-json\/wp\/v2\/media?parent=477"}],"curies":[{"name":"wp","href":"https:\/\/api.w.org\/{rel}","templated":true}]}}