{"id":475,"date":"2015-11-13T12:54:17","date_gmt":"2015-11-13T12:54:17","guid":{"rendered":"https:\/\/xml-io.proteusthemes.com\/structurepress\/?page_id=475"},"modified":"2021-07-17T08:11:56","modified_gmt":"2021-07-17T13:11:56","slug":"concreto","status":"publish","type":"page","link":"https:\/\/ecosermrancas.com.pe\/web\/servicios\/concreto\/","title":{"rendered":"Planta de Concreto"},"content":{"rendered":"<div id=\"pl-475\"  class=\"panel-layout\" ><div id=\"pg-475-0\"  class=\"panel-grid panel-no-style\" ><div id=\"pgc-475-0-0\"  class=\"panel-grid-cell\" ><div id=\"panel-475-0-0-0\" class=\"so-panel widget widget_sow-editor panel-first-child\" data-index=\"0\" ><div\n\t\t\t\n\t\t\tclass=\"so-widget-sow-editor so-widget-sow-editor-base\"\n\t\t\t\n\t\t>\n<div class=\"siteorigin-widget-tinymce textwidget\">\n\t<p>Somos una empresa que nace para brindar a sus clientes un punto importante de apoyo con moderna tecnolog\u00eda y con profesionalismo, nuestros altos est\u00e1ndares en seguridad, calidad y respeto con el medio ambiente, hacen de ECOSERM Rancas, l\u00edder en la producci\u00f3n y comercializaci\u00f3n de concreto premezclado de la Regi\u00f3n.<\/p>\n<p>Ofrecemos los siguientes:<\/p>\n<\/div>\n<\/div><\/div><div id=\"panel-475-0-0-1\" class=\"so-panel widget widget_pw_accordion widget-accordion panel-last-child\" data-index=\"1\" >\t<div class=\"accordion panel-group\" id=\"accordion-widget-0-0-1\" role=\"tablist\" aria-multiselectable=\"true\">\n\t\t\t<div class=\"accordion__panel  panel  panel-default\">\n\t\t\t<div class=\"accordion__heading  panel-heading\" role=\"tab\" id=\"heading-widget-0-0-1-1\">\n\t\t\t\t<h4 class=\"panel-title\">\n\t\t\t\t\t<a class=\"collapsed\" role=\"button\" data-toggle=\"collapse\" data-parent=\"#accordion-widget-0-0-1\" href=\"#collapse-widget-0-0-1-1\" aria-expanded=\"false\" aria-controls=\"collapse-widget-0-0-1-1\">\n\t\t\t\t\t\tTransporte y bombeo de Concreto\t\t\t\t\t<\/a>\n\t\t\t\t<\/h4>\n\t\t\t<\/div>\n\t\t\t<div id=\"collapse-widget-0-0-1-1\" class=\"accordion__content  panel-collapse  collapse\" role=\"tabpanel\" aria-labelledby=\"heading-widget-0-0-1-1\">\n\t\t\t\t<div class=\"panel-body\">\n\t\t\t\t\t\t\t\t\t<\/div>\n\t\t\t<\/div>\n\t\t<\/div>\n\t\t\t<div class=\"accordion__panel  panel  panel-default\">\n\t\t\t<div class=\"accordion__heading  panel-heading\" role=\"tab\" id=\"heading-widget-0-0-1-2\">\n\t\t\t\t<h4 class=\"panel-title\">\n\t\t\t\t\t<a class=\"collapsed\" role=\"button\" data-toggle=\"collapse\" data-parent=\"#accordion-widget-0-0-1\" href=\"#collapse-widget-0-0-1-2\" aria-expanded=\"false\" aria-controls=\"collapse-widget-0-0-1-2\">\n\t\t\t\t\t\tLanzamiento de concreto shotcrete\t\t\t\t\t<\/a>\n\t\t\t\t<\/h4>\n\t\t\t<\/div>\n\t\t\t<div id=\"collapse-widget-0-0-1-2\" class=\"accordion__content  panel-collapse  collapse\" role=\"tabpanel\" aria-labelledby=\"heading-widget-0-0-1-2\">\n\t\t\t\t<div class=\"panel-body\">\n\t\t\t\t\t\t\t\t\t<\/div>\n\t\t\t<\/div>\n\t\t<\/div>\n\t\t\t<div class=\"accordion__panel  panel  panel-default\">\n\t\t\t<div class=\"accordion__heading  panel-heading\" role=\"tab\" id=\"heading-widget-0-0-1-3\">\n\t\t\t\t<h4 class=\"panel-title\">\n\t\t\t\t\t<a class=\"collapsed\" role=\"button\" data-toggle=\"collapse\" data-parent=\"#accordion-widget-0-0-1\" href=\"#collapse-widget-0-0-1-3\" aria-expanded=\"false\" aria-controls=\"collapse-widget-0-0-1-3\">\n\t\t\t\t\t\tLaboratorio y dise\u00f1o de mezcla\t\t\t\t\t<\/a>\n\t\t\t\t<\/h4>\n\t\t\t<\/div>\n\t\t\t<div id=\"collapse-widget-0-0-1-3\" class=\"accordion__content  panel-collapse  collapse\" role=\"tabpanel\" aria-labelledby=\"heading-widget-0-0-1-3\">\n\t\t\t\t<div class=\"panel-body\">\n\t\t\t\t\t\t\t\t\t<\/div>\n\t\t\t<\/div>\n\t\t<\/div>\n\t\t\t<div class=\"accordion__panel  panel  panel-default\">\n\t\t\t<div class=\"accordion__heading  panel-heading\" role=\"tab\" id=\"heading-widget-0-0-1-4\">\n\t\t\t\t<h4 class=\"panel-title\">\n\t\t\t\t\t<a class=\"collapsed\" role=\"button\" data-toggle=\"collapse\" data-parent=\"#accordion-widget-0-0-1\" href=\"#collapse-widget-0-0-1-4\" aria-expanded=\"false\" aria-controls=\"collapse-widget-0-0-1-4\">\n\t\t\t\t\t\tAsesor\u00eda T\u00e9cnica en el rubro\t\t\t\t\t<\/a>\n\t\t\t\t<\/h4>\n\t\t\t<\/div>\n\t\t\t<div id=\"collapse-widget-0-0-1-4\" class=\"accordion__content  panel-collapse  collapse\" role=\"tabpanel\" aria-labelledby=\"heading-widget-0-0-1-4\">\n\t\t\t\t<div class=\"panel-body\">\n\t\t\t\t\t\t\t\t\t<\/div>\n\t\t\t<\/div>\n\t\t<\/div>\n\t\t\t<\/div>\n\n<\/div><\/div><div id=\"pgc-475-0-1\"  class=\"panel-grid-cell\" ><div id=\"panel-475-0-1-0\" class=\"so-panel widget widget_sow-editor panel-first-child panel-last-child\" data-index=\"2\" ><div\n\t\t\t\n\t\t\tclass=\"so-widget-sow-editor so-widget-sow-editor-base\"\n\t\t\t\n\t\t>\n<div class=\"siteorigin-widget-tinymce textwidget\">\n\t<p><a href=\"https:\/\/ecosermrancas.com.pe\/web\/wp-content\/uploads\/2021\/06\/concreto01.jpg\"><img decoding=\"async\" class=\"alignnone wp-image-1555 size-full\" src=\"https:\/\/ecosermrancas.com.pe\/web\/wp-content\/uploads\/2021\/06\/concreto01.jpg\" alt=\"\" width=\"840\" height=\"420\" srcset=\"https:\/\/ecosermrancas.com.pe\/web\/wp-content\/uploads\/2021\/06\/concreto01.jpg 840w, https:\/\/ecosermrancas.com.pe\/web\/wp-content\/uploads\/2021\/06\/concreto01-300x150.jpg 300w, https:\/\/ecosermrancas.com.pe\/web\/wp-content\/uploads\/2021\/06\/concreto01-768x384.jpg 768w, https:\/\/ecosermrancas.com.pe\/web\/wp-content\/uploads\/2021\/06\/concreto01-540x270.jpg 540w, https:\/\/ecosermrancas.com.pe\/web\/wp-content\/uploads\/2021\/06\/concreto01-600x300.jpg 600w\" sizes=\"(max-width: 840px) 100vw, 840px\" \/><\/a><\/p>\n<p><a href=\"https:\/\/ecosermrancas.com.pe\/web\/wp-content\/uploads\/2021\/06\/concreto02.jpg\"><img decoding=\"async\" class=\"alignnone wp-image-1556 size-full\" src=\"https:\/\/ecosermrancas.com.pe\/web\/wp-content\/uploads\/2021\/06\/concreto02.jpg\" alt=\"\" width=\"840\" height=\"420\" srcset=\"https:\/\/ecosermrancas.com.pe\/web\/wp-content\/uploads\/2021\/06\/concreto02.jpg 840w, https:\/\/ecosermrancas.com.pe\/web\/wp-content\/uploads\/2021\/06\/concreto02-300x150.jpg 300w, https:\/\/ecosermrancas.com.pe\/web\/wp-content\/uploads\/2021\/06\/concreto02-768x384.jpg 768w, https:\/\/ecosermrancas.com.pe\/web\/wp-content\/uploads\/2021\/06\/concreto02-540x270.jpg 540w, https:\/\/ecosermrancas.com.pe\/web\/wp-content\/uploads\/2021\/06\/concreto02-600x300.jpg 600w\" sizes=\"(max-width: 840px) 100vw, 840px\" \/><\/a><\/p>\n<\/div>\n<\/div><\/div><\/div><\/div><\/div>","protected":false},"excerpt":{"rendered":"<p>Somos una empresa que nace para brindar a sus clientes un punto importante de apoyo con moderna tecnolog\u00eda y con profesionalismo, nuestros altos est\u00e1ndares en seguridad, calidad y respeto con el medio ambiente, hacen de ECOSERM Rancas, l\u00edder en la producci\u00f3n y comercializaci\u00f3n de concreto premezclado de la Regi\u00f3n. Ofrecemos los siguientes:<\/p>\n","protected":false},"author":1,"featured_media":1555,"parent":43,"menu_order":0,"comment_status":"closed","ping_status":"closed","template":"","meta":{"_acf_changed":false,"_monsterinsights_skip_tracking":false,"_monsterinsights_sitenote_active":false,"_monsterinsights_sitenote_note":"","_monsterinsights_sitenote_category":0,"footnotes":""},"class_list":["post-475","page","type-page","status-publish","has-post-thumbnail","hentry"],"acf":[],"_links":{"self":[{"href":"https:\/\/ecosermrancas.com.pe\/web\/wp-json\/wp\/v2\/pages\/475","targetHints":{"allow":["GET"]}}],"collection":[{"href":"https:\/\/ecosermrancas.com.pe\/web\/wp-json\/wp\/v2\/pages"}],"about":[{"href":"https:\/\/ecosermrancas.com.pe\/web\/wp-json\/wp\/v2\/types\/page"}],"author":[{"embeddable":true,"href":"https:\/\/ecosermrancas.com.pe\/web\/wp-json\/wp\/v2\/users\/1"}],"replies":[{"embeddable":true,"href":"https:\/\/ecosermrancas.com.pe\/web\/wp-json\/wp\/v2\/comments?post=475"}],"version-history":[{"count":14,"href":"https:\/\/ecosermrancas.com.pe\/web\/wp-json\/wp\/v2\/pages\/475\/revisions"}],"predecessor-version":[{"id":1881,"href":"https:\/\/ecosermrancas.com.pe\/web\/wp-json\/wp\/v2\/pages\/475\/revisions\/1881"}],"up":[{"embeddable":true,"href":"https:\/\/ecosermrancas.com.pe\/web\/wp-json\/wp\/v2\/pages\/43"}],"wp:featuredmedia":[{"embeddable":true,"href":"https:\/\/ecosermrancas.com.pe\/web\/wp-json\/wp\/v2\/media\/1555"}],"wp:attachment":[{"href":"https:\/\/ecosermrancas.com.pe\/web\/wp-json\/wp\/v2\/media?parent=475"}],"curies":[{"name":"wp","href":"https:\/\/api.w.org\/{rel}","templated":true}]}}