{"id":473,"date":"2015-11-13T12:54:02","date_gmt":"2015-11-13T12:54:02","guid":{"rendered":"https:\/\/xml-io.proteusthemes.com\/structurepress\/?page_id=473"},"modified":"2021-07-17T08:13:31","modified_gmt":"2021-07-17T13:13:31","slug":"parada","status":"publish","type":"page","link":"https:\/\/ecosermrancas.com.pe\/web\/servicios\/parada\/","title":{"rendered":"Parada de Planta"},"content":{"rendered":"<div id=\"pl-473\"  class=\"panel-layout\" ><div id=\"pg-473-0\"  class=\"panel-grid panel-no-style\" ><div id=\"pgc-473-0-0\"  class=\"panel-grid-cell\" ><div id=\"panel-473-0-0-0\" class=\"so-panel widget widget_sow-editor panel-first-child\" data-index=\"0\" ><div\n\t\t\t\n\t\t\tclass=\"so-widget-sow-editor so-widget-sow-editor-base\"\n\t\t\t\n\t\t>\n<div class=\"siteorigin-widget-tinymce textwidget\">\n\t<p>Contamos con personal altamente capacitados para trabajos de parada de planta, nuestra experiencia nos garantiza la calidad de nuestros servicios.<\/p>\n<p>Realizamos los siguientes:<\/p>\n<\/div>\n<\/div><\/div><div id=\"panel-473-0-0-1\" class=\"so-panel widget widget_pw_accordion widget-accordion panel-last-child\" data-index=\"1\" >\t<div class=\"accordion panel-group\" id=\"accordion-widget-0-0-1\" role=\"tablist\" aria-multiselectable=\"true\">\n\t\t\t<div class=\"accordion__panel  panel  panel-default\">\n\t\t\t<div class=\"accordion__heading  panel-heading\" role=\"tab\" id=\"heading-widget-0-0-1-1\">\n\t\t\t\t<h4 class=\"panel-title\">\n\t\t\t\t\t<a class=\"collapsed\" role=\"button\" data-toggle=\"collapse\" data-parent=\"#accordion-widget-0-0-1\" href=\"#collapse-widget-0-0-1-1\" aria-expanded=\"false\" aria-controls=\"collapse-widget-0-0-1-1\">\n\t\t\t\t\t\tMontaje, enchaquetado y alineamiento de molinos\t\t\t\t\t<\/a>\n\t\t\t\t<\/h4>\n\t\t\t<\/div>\n\t\t\t<div id=\"collapse-widget-0-0-1-1\" class=\"accordion__content  panel-collapse  collapse\" role=\"tabpanel\" aria-labelledby=\"heading-widget-0-0-1-1\">\n\t\t\t\t<div class=\"panel-body\">\n\t\t\t\t\t\t\t\t\t<\/div>\n\t\t\t<\/div>\n\t\t<\/div>\n\t\t\t<div class=\"accordion__panel  panel  panel-default\">\n\t\t\t<div class=\"accordion__heading  panel-heading\" role=\"tab\" id=\"heading-widget-0-0-1-2\">\n\t\t\t\t<h4 class=\"panel-title\">\n\t\t\t\t\t<a class=\"collapsed\" role=\"button\" data-toggle=\"collapse\" data-parent=\"#accordion-widget-0-0-1\" href=\"#collapse-widget-0-0-1-2\" aria-expanded=\"false\" aria-controls=\"collapse-widget-0-0-1-2\">\n\t\t\t\t\t\tInstalaci\u00f3n y termofusi\u00f3n de tuber\u00edas HDPE, API\t\t\t\t\t<\/a>\n\t\t\t\t<\/h4>\n\t\t\t<\/div>\n\t\t\t<div id=\"collapse-widget-0-0-1-2\" class=\"accordion__content  panel-collapse  collapse\" role=\"tabpanel\" aria-labelledby=\"heading-widget-0-0-1-2\">\n\t\t\t\t<div class=\"panel-body\">\n\t\t\t\t\t\t\t\t\t<\/div>\n\t\t\t<\/div>\n\t\t<\/div>\n\t\t\t<div class=\"accordion__panel  panel  panel-default\">\n\t\t\t<div class=\"accordion__heading  panel-heading\" role=\"tab\" id=\"heading-widget-0-0-1-3\">\n\t\t\t\t<h4 class=\"panel-title\">\n\t\t\t\t\t<a class=\"collapsed\" role=\"button\" data-toggle=\"collapse\" data-parent=\"#accordion-widget-0-0-1\" href=\"#collapse-widget-0-0-1-3\" aria-expanded=\"false\" aria-controls=\"collapse-widget-0-0-1-3\">\n\t\t\t\t\t\tInstalaci\u00f3n y mantenimiento de bombas\t\t\t\t\t<\/a>\n\t\t\t\t<\/h4>\n\t\t\t<\/div>\n\t\t\t<div id=\"collapse-widget-0-0-1-3\" class=\"accordion__content  panel-collapse  collapse\" role=\"tabpanel\" aria-labelledby=\"heading-widget-0-0-1-3\">\n\t\t\t\t<div class=\"panel-body\">\n\t\t\t\t\t\t\t\t\t<\/div>\n\t\t\t<\/div>\n\t\t<\/div>\n\t\t\t<\/div>\n\n<\/div><\/div><div id=\"pgc-473-0-1\"  class=\"panel-grid-cell\" ><div id=\"panel-473-0-1-0\" class=\"so-panel widget widget_sow-editor panel-first-child panel-last-child\" data-index=\"2\" ><div\n\t\t\t\n\t\t\tclass=\"so-widget-sow-editor so-widget-sow-editor-base\"\n\t\t\t\n\t\t>\n<div class=\"siteorigin-widget-tinymce textwidget\">\n\t<p><a href=\"https:\/\/ecosermrancas.com.pe\/web\/wp-content\/uploads\/2021\/06\/parada01.jpg\"><img decoding=\"async\" class=\"alignnone wp-image-1563 size-full\" src=\"https:\/\/ecosermrancas.com.pe\/web\/wp-content\/uploads\/2021\/06\/parada01.jpg\" alt=\"\" width=\"840\" height=\"420\" srcset=\"https:\/\/ecosermrancas.com.pe\/web\/wp-content\/uploads\/2021\/06\/parada01.jpg 840w, https:\/\/ecosermrancas.com.pe\/web\/wp-content\/uploads\/2021\/06\/parada01-300x150.jpg 300w, https:\/\/ecosermrancas.com.pe\/web\/wp-content\/uploads\/2021\/06\/parada01-768x384.jpg 768w, https:\/\/ecosermrancas.com.pe\/web\/wp-content\/uploads\/2021\/06\/parada01-540x270.jpg 540w, https:\/\/ecosermrancas.com.pe\/web\/wp-content\/uploads\/2021\/06\/parada01-600x300.jpg 600w\" sizes=\"(max-width: 840px) 100vw, 840px\" \/><\/a><\/p>\n<p><a href=\"https:\/\/ecosermrancas.com.pe\/web\/wp-content\/uploads\/2021\/06\/parada02.jpg\"><img decoding=\"async\" class=\"alignnone wp-image-1564 size-full\" src=\"https:\/\/ecosermrancas.com.pe\/web\/wp-content\/uploads\/2021\/06\/parada02.jpg\" alt=\"\" width=\"840\" height=\"420\" srcset=\"https:\/\/ecosermrancas.com.pe\/web\/wp-content\/uploads\/2021\/06\/parada02.jpg 840w, https:\/\/ecosermrancas.com.pe\/web\/wp-content\/uploads\/2021\/06\/parada02-300x150.jpg 300w, https:\/\/ecosermrancas.com.pe\/web\/wp-content\/uploads\/2021\/06\/parada02-768x384.jpg 768w, https:\/\/ecosermrancas.com.pe\/web\/wp-content\/uploads\/2021\/06\/parada02-540x270.jpg 540w, https:\/\/ecosermrancas.com.pe\/web\/wp-content\/uploads\/2021\/06\/parada02-600x300.jpg 600w\" sizes=\"(max-width: 840px) 100vw, 840px\" \/><\/a><\/p>\n<\/div>\n<\/div><\/div><\/div><\/div><\/div>","protected":false},"excerpt":{"rendered":"<p>Contamos con personal altamente capacitados para trabajos de parada de planta, nuestra experiencia nos garantiza la calidad de nuestros servicios. Realizamos los siguientes:<\/p>\n","protected":false},"author":1,"featured_media":1563,"parent":43,"menu_order":0,"comment_status":"closed","ping_status":"closed","template":"","meta":{"_acf_changed":false,"_monsterinsights_skip_tracking":false,"_monsterinsights_sitenote_active":false,"_monsterinsights_sitenote_note":"","_monsterinsights_sitenote_category":0,"footnotes":""},"class_list":["post-473","page","type-page","status-publish","has-post-thumbnail","hentry"],"acf":[],"_links":{"self":[{"href":"https:\/\/ecosermrancas.com.pe\/web\/wp-json\/wp\/v2\/pages\/473","targetHints":{"allow":["GET"]}}],"collection":[{"href":"https:\/\/ecosermrancas.com.pe\/web\/wp-json\/wp\/v2\/pages"}],"about":[{"href":"https:\/\/ecosermrancas.com.pe\/web\/wp-json\/wp\/v2\/types\/page"}],"author":[{"embeddable":true,"href":"https:\/\/ecosermrancas.com.pe\/web\/wp-json\/wp\/v2\/users\/1"}],"replies":[{"embeddable":true,"href":"https:\/\/ecosermrancas.com.pe\/web\/wp-json\/wp\/v2\/comments?post=473"}],"version-history":[{"count":17,"href":"https:\/\/ecosermrancas.com.pe\/web\/wp-json\/wp\/v2\/pages\/473\/revisions"}],"predecessor-version":[{"id":1879,"href":"https:\/\/ecosermrancas.com.pe\/web\/wp-json\/wp\/v2\/pages\/473\/revisions\/1879"}],"up":[{"embeddable":true,"href":"https:\/\/ecosermrancas.com.pe\/web\/wp-json\/wp\/v2\/pages\/43"}],"wp:featuredmedia":[{"embeddable":true,"href":"https:\/\/ecosermrancas.com.pe\/web\/wp-json\/wp\/v2\/media\/1563"}],"wp:attachment":[{"href":"https:\/\/ecosermrancas.com.pe\/web\/wp-json\/wp\/v2\/media?parent=473"}],"curies":[{"name":"wp","href":"https:\/\/api.w.org\/{rel}","templated":true}]}}