{"id":43,"date":"2015-10-22T05:52:08","date_gmt":"2015-10-22T05:52:08","guid":{"rendered":"https:\/\/xml-io.proteusthemes.com\/structurepress\/?page_id=43"},"modified":"2021-07-23T18:11:58","modified_gmt":"2021-07-23T23:11:58","slug":"servicios","status":"publish","type":"page","link":"https:\/\/ecosermrancas.com.pe\/web\/servicios\/","title":{"rendered":"Servicios"},"content":{"rendered":"<div id=\"pl-43\"  class=\"panel-layout\" ><div id=\"pg-43-0\"  class=\"panel-grid panel-no-style\" ><div id=\"pgc-43-0-0\"  class=\"panel-grid-cell\" ><div id=\"panel-43-0-0-0\" class=\"so-panel widget widget_pw_featured_page widget-featured-page panel-first-child panel-last-child\" data-index=\"0\" >\n\t<div class=\"page-box  page-box--block\">\n\t\t\t\t\t<a class=\"page-box__picture\" href=\"https:\/\/ecosermrancas.com.pe\/web\/servicios\/mineria\/\">\n\t\t\t\t<img decoding=\"async\" src=\"https:\/\/ecosermrancas.com.pe\/web\/wp-content\/uploads\/2021\/06\/mineria02-360x240.jpg\" width=\"360\" height=\"240\" srcset=\"https:\/\/ecosermrancas.com.pe\/web\/wp-content\/uploads\/2021\/06\/mineria02-360x240.jpg 360w, https:\/\/ecosermrancas.com.pe\/web\/wp-content\/uploads\/2021\/06\/mineria02.jpg 840w\" sizes=\"(min-width: 1200px) 350px, (min-width: 992px) 284px, (min-width: 768px) 692px, calc(100vw - 30px)\" class=\"wp-post-image\" alt=\"Obras en Miner\u00eda\">\n\t\t\t<\/a>\n\t\t\t\t<div class=\"page-box__content\">\n\t\t\t<h4 class=\"page-box__title\"><a href=\"https:\/\/ecosermrancas.com.pe\/web\/servicios\/mineria\/\">Obras en Miner\u00eda<\/a><\/h4>\n\t\t\t<p class=\"page-box__text\">Somos una empresa con tres d\u00e9cadas en el mercado brindando servicios al sector minero, con personal altamente calificados y maquinarias modernas que garantizan nuestras operaciones.<\/p>\n\t\t\t\t\t\t\t<a href=\"https:\/\/ecosermrancas.com.pe\/web\/servicios\/mineria\/\" class=\"page-box__more-link\">Leer m\u00e1s<\/a>\n\t\t\t\t\t<\/div>\n\t<\/div>\n\n<\/div><\/div><div id=\"pgc-43-0-1\"  class=\"panel-grid-cell\" ><div id=\"panel-43-0-1-0\" class=\"so-panel widget widget_pw_featured_page widget-featured-page panel-first-child panel-last-child\" data-index=\"1\" >\n\t<div class=\"page-box  page-box--block\">\n\t\t\t\t\t<a class=\"page-box__picture\" href=\"https:\/\/ecosermrancas.com.pe\/web\/servicios\/civil\/\">\n\t\t\t\t<img decoding=\"async\" src=\"https:\/\/ecosermrancas.com.pe\/web\/wp-content\/uploads\/2021\/06\/civil01-360x240.jpg\" width=\"360\" height=\"240\" srcset=\"https:\/\/ecosermrancas.com.pe\/web\/wp-content\/uploads\/2021\/06\/civil01-360x240.jpg 360w, https:\/\/ecosermrancas.com.pe\/web\/wp-content\/uploads\/2021\/06\/civil01.jpg 840w\" sizes=\"(min-width: 1200px) 350px, (min-width: 992px) 284px, (min-width: 768px) 692px, calc(100vw - 30px)\" class=\"wp-post-image\" alt=\"Obras Civiles\">\n\t\t\t<\/a>\n\t\t\t\t<div class=\"page-box__content\">\n\t\t\t<h4 class=\"page-box__title\"><a href=\"https:\/\/ecosermrancas.com.pe\/web\/servicios\/civil\/\">Obras Civiles<\/a><\/h4>\n\t\t\t<p class=\"page-box__text\">Ejecutamos obras civiles en los rubros de Transporte, Saneamiento, Vivienda y Educaci\u00f3n, obras civiles que permiten crecer econ\u00f3micamente a las sociedades y mejoran la calidad de servicios.<\/p>\n\t\t\t\t\t\t\t<a href=\"https:\/\/ecosermrancas.com.pe\/web\/servicios\/civil\/\" class=\"page-box__more-link\">Leer m\u00e1s<\/a>\n\t\t\t\t\t<\/div>\n\t<\/div>\n\n<\/div><\/div><div id=\"pgc-43-0-2\"  class=\"panel-grid-cell\" ><div id=\"panel-43-0-2-0\" class=\"so-panel widget widget_pw_featured_page widget-featured-page panel-first-child panel-last-child\" data-index=\"2\" >\n\t<div class=\"page-box  page-box--block\">\n\t\t\t\t\t<a class=\"page-box__picture\" href=\"https:\/\/ecosermrancas.com.pe\/web\/servicios\/estacion\/\">\n\t\t\t\t<img decoding=\"async\" src=\"https:\/\/ecosermrancas.com.pe\/web\/wp-content\/uploads\/2021\/07\/estacion01-360x240.jpg\" width=\"360\" height=\"240\" srcset=\"https:\/\/ecosermrancas.com.pe\/web\/wp-content\/uploads\/2021\/07\/estacion01-360x240.jpg 360w, https:\/\/ecosermrancas.com.pe\/web\/wp-content\/uploads\/2021\/07\/estacion01.jpg 840w\" sizes=\"(min-width: 1200px) 350px, (min-width: 992px) 284px, (min-width: 768px) 692px, calc(100vw - 30px)\" class=\"wp-post-image\" alt=\"Estaci\u00f3n de Servicios\">\n\t\t\t<\/a>\n\t\t\t\t<div class=\"page-box__content\">\n\t\t\t<h4 class=\"page-box__title\"><a href=\"https:\/\/ecosermrancas.com.pe\/web\/servicios\/estacion\/\">Estaci\u00f3n de Servicios<\/a><\/h4>\n\t\t\t<p class=\"page-box__text\">ECOSERM Rancas a trav\u00e9s de su Estaci\u00f3n de Servicios viene ampliando sus servicios en la Ciudad Imperial de Ca\u00f1ete, gracias a la preferencia de nuestros clientes que nos motivan a seguir creciendo para &hellip;<\/p>\n\t\t\t\t\t\t\t<a href=\"https:\/\/ecosermrancas.com.pe\/web\/servicios\/estacion\/\" class=\"page-box__more-link\">LEER M\u00c1S<\/a>\n\t\t\t\t\t<\/div>\n\t<\/div>\n\n<\/div><\/div><\/div><div id=\"pg-43-1\"  class=\"panel-grid panel-no-style\" ><div id=\"pgc-43-1-0\"  class=\"panel-grid-cell\" ><div id=\"panel-43-1-0-0\" class=\"so-panel widget widget_pw_featured_page widget-featured-page panel-first-child panel-last-child\" data-index=\"3\" >\n\t<div class=\"page-box  page-box--block\">\n\t\t\t\t\t<a class=\"page-box__picture\" href=\"https:\/\/ecosermrancas.com.pe\/web\/servicios\/concreto\/\">\n\t\t\t\t<img decoding=\"async\" src=\"https:\/\/ecosermrancas.com.pe\/web\/wp-content\/uploads\/2021\/06\/concreto01-360x240.jpg\" width=\"360\" height=\"240\" srcset=\"https:\/\/ecosermrancas.com.pe\/web\/wp-content\/uploads\/2021\/06\/concreto01-360x240.jpg 360w, https:\/\/ecosermrancas.com.pe\/web\/wp-content\/uploads\/2021\/06\/concreto01.jpg 840w\" sizes=\"(min-width: 1200px) 350px, (min-width: 992px) 284px, (min-width: 768px) 692px, calc(100vw - 30px)\" class=\"wp-post-image\" alt=\"Planta de Concreto\">\n\t\t\t<\/a>\n\t\t\t\t<div class=\"page-box__content\">\n\t\t\t<h4 class=\"page-box__title\"><a href=\"https:\/\/ecosermrancas.com.pe\/web\/servicios\/concreto\/\">Planta de Concreto<\/a><\/h4>\n\t\t\t<p class=\"page-box__text\">Somos una empresa que nace para brindar a sus clientes un punto importante de apoyo con moderna tecnolog\u00eda y con profesionalismo, nuestros altos est\u00e1ndares en seguridad, calidad y respeto con el medio &hellip;<\/p>\n\t\t\t\t\t\t\t<a href=\"https:\/\/ecosermrancas.com.pe\/web\/servicios\/concreto\/\" class=\"page-box__more-link\">LEER M\u00c1S<\/a>\n\t\t\t\t\t<\/div>\n\t<\/div>\n\n<\/div><\/div><div id=\"pgc-43-1-1\"  class=\"panel-grid-cell\" ><div id=\"panel-43-1-1-0\" class=\"so-panel widget widget_pw_featured_page widget-featured-page panel-first-child panel-last-child\" data-index=\"4\" >\n\t<div class=\"page-box  page-box--block\">\n\t\t\t\t\t<a class=\"page-box__picture\" href=\"https:\/\/ecosermrancas.com.pe\/web\/servicios\/parada\/\">\n\t\t\t\t<img decoding=\"async\" src=\"https:\/\/ecosermrancas.com.pe\/web\/wp-content\/uploads\/2021\/06\/parada01-360x240.jpg\" width=\"360\" height=\"240\" srcset=\"https:\/\/ecosermrancas.com.pe\/web\/wp-content\/uploads\/2021\/06\/parada01-360x240.jpg 360w, https:\/\/ecosermrancas.com.pe\/web\/wp-content\/uploads\/2021\/06\/parada01.jpg 840w\" sizes=\"(min-width: 1200px) 350px, (min-width: 992px) 284px, (min-width: 768px) 692px, calc(100vw - 30px)\" class=\"wp-post-image\" alt=\"Parada de Planta\">\n\t\t\t<\/a>\n\t\t\t\t<div class=\"page-box__content\">\n\t\t\t<h4 class=\"page-box__title\"><a href=\"https:\/\/ecosermrancas.com.pe\/web\/servicios\/parada\/\">Parada de Planta<\/a><\/h4>\n\t\t\t<p class=\"page-box__text\">Contamos con personal altamente capacitados para trabajos de parada de planta, nuestra experiencia nos garantiza la calidad de nuestros servicios.\nRealizamos los siguientes:\n\n\t<div class=\"accordion panel-group\" id=\"accordion-\" role=\"tablist\" aria-multiselectable=\"true\">\n\t\t\t<\/div>\n\n<\/p>\n\t\t\t\t\t\t\t<a href=\"https:\/\/ecosermrancas.com.pe\/web\/servicios\/parada\/\" class=\"page-box__more-link\">LEER M\u00c1S<\/a>\n\t\t\t\t\t<\/div>\n\t<\/div>\n\n<\/div><\/div><div id=\"pgc-43-1-2\"  class=\"panel-grid-cell\" ><div id=\"panel-43-1-2-0\" class=\"so-panel widget widget_pw_featured_page widget-featured-page panel-first-child panel-last-child\" data-index=\"5\" >\n\t<div class=\"page-box  page-box--block\">\n\t\t\t\t\t<a class=\"page-box__picture\" href=\"https:\/\/ecosermrancas.com.pe\/web\/servicios\/civil\/\">\n\t\t\t\t<img decoding=\"async\" src=\"https:\/\/ecosermrancas.com.pe\/web\/wp-content\/uploads\/2021\/06\/civil01-360x240.jpg\" width=\"360\" height=\"240\" srcset=\"https:\/\/ecosermrancas.com.pe\/web\/wp-content\/uploads\/2021\/06\/civil01-360x240.jpg 360w, https:\/\/ecosermrancas.com.pe\/web\/wp-content\/uploads\/2021\/06\/civil01.jpg 840w\" sizes=\"(min-width: 1200px) 350px, (min-width: 992px) 284px, (min-width: 768px) 692px, calc(100vw - 30px)\" class=\"wp-post-image\" alt=\"Obras Civiles\">\n\t\t\t<\/a>\n\t\t\t\t<div class=\"page-box__content\">\n\t\t\t<h4 class=\"page-box__title\"><a href=\"https:\/\/ecosermrancas.com.pe\/web\/servicios\/civil\/\">Obras Civiles<\/a><\/h4>\n\t\t\t<p class=\"page-box__text\">Ejecutamos obras civiles en los rubros de Transporte, Saneamiento, Vivienda y Educaci\u00f3n, obras civiles que permiten crecer econ\u00f3micamente a las sociedades y mejoran la calidad de servicios.<\/p>\n\t\t\t\t\t\t\t<a href=\"https:\/\/ecosermrancas.com.pe\/web\/servicios\/civil\/\" class=\"page-box__more-link\">LEER M\u00c1S<\/a>\n\t\t\t\t\t<\/div>\n\t<\/div>\n\n<\/div><\/div><\/div><\/div>","protected":false},"excerpt":{"rendered":"<p>Obras en Miner\u00eda Somos una empresa con tres d\u00e9cadas en el mercado brindando servicios al sector minero, con personal altamente calificados y maquinarias modernas que garantizan nuestras operaciones. Leer m\u00e1s Obras Civiles Ejecutamos obras civiles en los rubros de Transporte, Saneamiento, Vivienda y Educaci\u00f3n, obras civiles que permiten crecer econ\u00f3micamente a las sociedades y mejoran &hellip;<\/p>\n","protected":false},"author":1,"featured_media":0,"parent":0,"menu_order":0,"comment_status":"closed","ping_status":"closed","template":"","meta":{"_acf_changed":false,"_monsterinsights_skip_tracking":false,"_monsterinsights_sitenote_active":false,"_monsterinsights_sitenote_note":"","_monsterinsights_sitenote_category":0,"footnotes":""},"class_list":["post-43","page","type-page","status-publish","hentry"],"acf":[],"_links":{"self":[{"href":"https:\/\/ecosermrancas.com.pe\/web\/wp-json\/wp\/v2\/pages\/43","targetHints":{"allow":["GET"]}}],"collection":[{"href":"https:\/\/ecosermrancas.com.pe\/web\/wp-json\/wp\/v2\/pages"}],"about":[{"href":"https:\/\/ecosermrancas.com.pe\/web\/wp-json\/wp\/v2\/types\/page"}],"author":[{"embeddable":true,"href":"https:\/\/ecosermrancas.com.pe\/web\/wp-json\/wp\/v2\/users\/1"}],"replies":[{"embeddable":true,"href":"https:\/\/ecosermrancas.com.pe\/web\/wp-json\/wp\/v2\/comments?post=43"}],"version-history":[{"count":35,"href":"https:\/\/ecosermrancas.com.pe\/web\/wp-json\/wp\/v2\/pages\/43\/revisions"}],"predecessor-version":[{"id":1040,"href":"https:\/\/ecosermrancas.com.pe\/web\/wp-json\/wp\/v2\/pages\/43\/revisions\/1040"}],"wp:attachment":[{"href":"https:\/\/ecosermrancas.com.pe\/web\/wp-json\/wp\/v2\/media?parent=43"}],"curies":[{"name":"wp","href":"https:\/\/api.w.org\/{rel}","templated":true}]}}