{"id":38,"date":"2015-10-22T05:46:58","date_gmt":"2015-10-22T05:46:58","guid":{"rendered":"https:\/\/xml-io.proteusthemes.com\/structurepress\/?page_id=38"},"modified":"2024-04-04T07:54:47","modified_gmt":"2024-04-04T12:54:47","slug":"contacto","status":"publish","type":"page","link":"https:\/\/ecosermrancas.com.pe\/web\/contacto\/","title":{"rendered":"Contacto"},"content":{"rendered":"<div id=\"pl-38\"  class=\"panel-layout\" ><div id=\"pg-38-0\"  class=\"panel-grid panel-no-style\" ><div id=\"pgc-38-0-0\"  class=\"panel-grid-cell\" ><div id=\"panel-38-0-0-0\" class=\"so-panel widget widget_pw_contact_profile widget-contact-profile panel-first-child panel-last-child\" data-index=\"0\" >\t\t\t\t<div class=\"card  contact-profile\">\n\t\t\t\t\t\t\t\t\t\t<div class=\"card-block  contact-profile__container\">\n\t\t\t\t\t\t\t\t\t\t\t\t\t<div class=\"contact-profile__social-icons\">\n\t\t\t\t\t\t\t\t\t\t\t\t\t\t\t\t\t<a class=\"contact-profile__social-icon\" href=\"https:\/\/www.facebook.com\" target=\"_self\"><i class=\"fa  fa-facebook-square\"><\/i><\/a>\n\t\t\t\t\t\t\t\t\t\t\t\t\t\t\t\t\t<a class=\"contact-profile__social-icon\" href=\"https:\/\/www.linkedin.com\/\" target=\"_self\"><i class=\"fa  fa-linkedin-square\"><\/i><\/a>\n\t\t\t\t\t\t\t\t\t\t\t\t\t\t\t<\/div>\n\t\t\t\t\t\t\t\t\t\t\t\t\t\t\t\t\t\t\t<div class=\"contact-profile__items\">\n\t\t\t\t\t\t\t\t\t\t\t\t\t\t\t\t\t<div class=\"contact-profile__item\">\n\t\t\t\t\t\t\t\t\t\t<div class=\"contact-profile__icon\">\n\t\t\t\t\t\t\t\t\t\t\t<i class=\"fa  fa-map-marker\"><\/i>\n\t\t\t\t\t\t\t\t\t\t<\/div>\n\t\t\t\t\t\t\t\t\t\t<p class=\"contact-profile__text\">\n\t\t\t\t\t\t\t\t\t\t\tAv. La Miner\u00eda S\/N - Rancas <br> Distrito Sim\u00f3n Bol\u00edvar <br> Provincia de Pasco <br> Departamento de Pasco\t\t\t\t\t\t\t\t\t\t<\/p>\n\t\t\t\t\t\t\t\t\t<\/div>\n\t\t\t\t\t\t\t\t\t\t\t\t\t\t\t\t\t<div class=\"contact-profile__item\">\n\t\t\t\t\t\t\t\t\t\t<div class=\"contact-profile__icon\">\n\t\t\t\t\t\t\t\t\t\t\t<i class=\"fa  fa-phone\"><\/i>\n\t\t\t\t\t\t\t\t\t\t<\/div>\n\t\t\t\t\t\t\t\t\t\t<p class=\"contact-profile__text\">\n\t\t\t\t\t\t\t\t\t\t\t+51 901 775 795\t\t\t\t\t\t\t\t\t\t<\/p>\n\t\t\t\t\t\t\t\t\t<\/div>\n\t\t\t\t\t\t\t\t\t\t\t\t\t\t\t\t\t<div class=\"contact-profile__item\">\n\t\t\t\t\t\t\t\t\t\t<div class=\"contact-profile__icon\">\n\t\t\t\t\t\t\t\t\t\t\t<i class=\"fa  fa-envelope\"><\/i>\n\t\t\t\t\t\t\t\t\t\t<\/div>\n\t\t\t\t\t\t\t\t\t\t<p class=\"contact-profile__text\">\n\t\t\t\t\t\t\t\t\t\t\tinfo@ecosermrancas.com.pe\t\t\t\t\t\t\t\t\t\t<\/p>\n\t\t\t\t\t\t\t\t\t<\/div>\n\t\t\t\t\t\t\t\t\t\t\t\t\t\t\t\t\t<div class=\"contact-profile__item\">\n\t\t\t\t\t\t\t\t\t\t<div class=\"contact-profile__icon\">\n\t\t\t\t\t\t\t\t\t\t\t<i class=\"fa  fa-compass\"><\/i>\n\t\t\t\t\t\t\t\t\t\t<\/div>\n\t\t\t\t\t\t\t\t\t\t<p class=\"contact-profile__text\">\n\t\t\t\t\t\t\t\t\t\t\twww.ecosermrancas.com\t\t\t\t\t\t\t\t\t\t<\/p>\n\t\t\t\t\t\t\t\t\t<\/div>\n\t\t\t\t\t\t\t\t\t\t\t\t\t\t\t<\/div>\n\t\t\t\t\t\t\t\t\t\t\t\t<div class=\"contact-profile__content\">\n\t\t\t\t\t\t\t\t\t\t\t\t\t\t\t<span class=\"contact-profile__name\">INFORMACI\u00d3N<\/span>\n\t\t\t\t\t\t\t\t\t\t\t\t\t<\/div>\n\t\t\t\t\t<\/div>\n\t\t\t\t<\/div>\n\n\t\t\t<\/div><\/div><div id=\"pgc-38-0-1\"  class=\"panel-grid-cell\" ><div id=\"panel-38-0-1-0\" class=\"so-panel widget widget_text panel-first-child panel-last-child\" data-index=\"1\" >\t\t\t<div class=\"textwidget\">\n<div class=\"wpcf7 no-js\" id=\"wpcf7-f1934-o1\" lang=\"es-PE\" dir=\"ltr\" data-wpcf7-id=\"1934\">\n<div class=\"screen-reader-response\"><p role=\"status\" aria-live=\"polite\" aria-atomic=\"true\"><\/p> <ul><\/ul><\/div>\n<form action=\"\/web\/wp-json\/wp\/v2\/pages\/38#wpcf7-f1934-o1\" method=\"post\" class=\"wpcf7-form init\" aria-label=\"Contact form\" novalidate=\"novalidate\" data-status=\"init\">\n<fieldset class=\"hidden-fields-container\"><input type=\"hidden\" name=\"_wpcf7\" value=\"1934\" \/><input type=\"hidden\" name=\"_wpcf7_version\" value=\"6.1.4\" \/><input type=\"hidden\" name=\"_wpcf7_locale\" value=\"es_PE\" \/><input type=\"hidden\" name=\"_wpcf7_unit_tag\" value=\"wpcf7-f1934-o1\" \/><input type=\"hidden\" name=\"_wpcf7_container_post\" value=\"0\" \/><input type=\"hidden\" name=\"_wpcf7_posted_data_hash\" value=\"\" \/><input type=\"hidden\" name=\"_wpcf7_recaptcha_response\" value=\"\" \/>\n<\/fieldset>\n<div class=\"row\">\n\t<div class=\"col-xs-12  col-md-6\">\n\t\t<p><span class=\"wpcf7-form-control-wrap\" data-name=\"your-name\"><input size=\"40\" maxlength=\"400\" class=\"wpcf7-form-control wpcf7-text wpcf7-validates-as-required form-control\" aria-required=\"true\" aria-invalid=\"false\" placeholder=\"Nombre *\" value=\"\" type=\"text\" name=\"your-name\" \/><\/span>\n\t\t<\/p>\n\t<\/div>\n\t<div class=\"col-xs-12  col-md-6\">\n\t\t<p><span class=\"wpcf7-form-control-wrap\" data-name=\"surname\"><input size=\"40\" maxlength=\"400\" class=\"wpcf7-form-control wpcf7-text wpcf7-validates-as-required form-control\" aria-required=\"true\" aria-invalid=\"false\" placeholder=\"Apellidos *\" value=\"\" type=\"text\" name=\"surname\" \/><\/span>\n\t\t<\/p>\n\t<\/div>\n<\/div>\n<div class=\"row\">\n\t<div class=\"col-xs-12  col-md-6\">\n\t\t<p><span class=\"wpcf7-form-control-wrap\" data-name=\"email\"><input size=\"40\" maxlength=\"400\" class=\"wpcf7-form-control wpcf7-email wpcf7-validates-as-required wpcf7-text wpcf7-validates-as-email form-control\" aria-required=\"true\" aria-invalid=\"false\" placeholder=\"E-mail *\" value=\"\" type=\"email\" name=\"email\" \/><\/span>\n\t\t<\/p>\n\t<\/div>\n\t<div class=\"col-xs-12  col-md-6\">\n\t\t<p><span class=\"wpcf7-form-control-wrap\" data-name=\"service\"><input size=\"40\" maxlength=\"400\" class=\"wpcf7-form-control wpcf7-text form-control\" aria-invalid=\"false\" placeholder=\"Asunto\" value=\"\" type=\"text\" name=\"service\" \/><\/span>\n\t\t<\/p>\n\t<\/div>\n<\/div>\n<div class=\"row\">\n\t<div class=\"col-xs-12\">\n\t\t<p><span class=\"wpcf7-form-control-wrap\" data-name=\"your-message\"><textarea cols=\"40\" rows=\"10\" maxlength=\"2000\" class=\"wpcf7-form-control wpcf7-textarea form-control\" aria-invalid=\"false\" placeholder=\"Mensaje *\" name=\"your-message\"><\/textarea><\/span>\n\t\t<\/p>\n\t\t<div class=\"wpcf7-notice\">\n\t\t\t<p>Todos los campos con * son obligatorios\n\t\t\t<\/p>\n\t\t<\/div>\n\t\t<p><input class=\"wpcf7-form-control wpcf7-submit has-spinner btn btn-primary\" type=\"submit\" value=\"ENVIAR MENSAJE\" \/>\n\t\t<\/p>\n\t<\/div>\n<\/div><p style=\"display: none !important;\" class=\"akismet-fields-container\" data-prefix=\"_wpcf7_ak_\"><label>&#916;<textarea name=\"_wpcf7_ak_hp_textarea\" cols=\"45\" rows=\"8\" maxlength=\"100\"><\/textarea><\/label><input type=\"hidden\" id=\"ak_js_1\" name=\"_wpcf7_ak_js\" value=\"23\"\/><script>document.getElementById( \"ak_js_1\" ).setAttribute( \"value\", ( new Date() ).getTime() );<\/script><\/p><div class=\"wpcf7-response-output\" aria-hidden=\"true\"><\/div>\n<\/form>\n<\/div>\n\n<\/div>\n\t\t<\/div><\/div><\/div><div id=\"pg-38-1\"  class=\"panel-grid panel-no-style\" ><div id=\"pgc-38-1-0\"  class=\"panel-grid-cell\" ><div id=\"panel-38-1-0-0\" class=\"so-panel widget widget_pw_contact_profile widget-contact-profile panel-first-child panel-last-child\" data-index=\"2\" >\t\t\t\t<div class=\"card  contact-profile\">\n\t\t\t\t\t\t\t\t\t\t\t<img decoding=\"async\" class=\"contact-profile__image  wp-post-image\" src=\"https:\/\/ecosermrancas.com.pe\/web\/wp-content\/uploads\/2021\/07\/contactoEDSpasco01.jpg\" alt=\"Picture of EDS Pasco\">\n\t\t\t\t\t\t\t\t\t\t<div class=\"card-block  contact-profile__container\">\n\t\t\t\t\t\t\t\t\t\t\t\t\t\t\t\t\t\t\t<div class=\"contact-profile__items\">\n\t\t\t\t\t\t\t\t\t\t\t\t\t\t\t\t\t<div class=\"contact-profile__item\">\n\t\t\t\t\t\t\t\t\t\t<div class=\"contact-profile__icon\">\n\t\t\t\t\t\t\t\t\t\t\t<i class=\"fa  fa-map-marker\"><\/i>\n\t\t\t\t\t\t\t\t\t\t<\/div>\n\t\t\t\t\t\t\t\t\t\t<p class=\"contact-profile__text\">\n\t\t\t\t\t\t\t\t\t\t\tAv. El Minero N\u00b0 100 Mz. A Lote 1 <br> Distrito de Yanacancha <br> Provincia de Pasco\t\t\t\t\t\t\t\t\t\t<\/p>\n\t\t\t\t\t\t\t\t\t<\/div>\n\t\t\t\t\t\t\t\t\t\t\t\t\t\t\t\t\t<div class=\"contact-profile__item\">\n\t\t\t\t\t\t\t\t\t\t<div class=\"contact-profile__icon\">\n\t\t\t\t\t\t\t\t\t\t\t<i class=\"fa  fa-phone\"><\/i>\n\t\t\t\t\t\t\t\t\t\t<\/div>\n\t\t\t\t\t\t\t\t\t\t<p class=\"contact-profile__text\">\n\t\t\t\t\t\t\t\t\t\t\t+51 957 845 057\t\t\t\t\t\t\t\t\t\t<\/p>\n\t\t\t\t\t\t\t\t\t<\/div>\n\t\t\t\t\t\t\t\t\t\t\t\t\t\t\t\t\t<div class=\"contact-profile__item\">\n\t\t\t\t\t\t\t\t\t\t<div class=\"contact-profile__icon\">\n\t\t\t\t\t\t\t\t\t\t\t<i class=\"fa  fa-envelope\"><\/i>\n\t\t\t\t\t\t\t\t\t\t<\/div>\n\t\t\t\t\t\t\t\t\t\t<p class=\"contact-profile__text\">\n\t\t\t\t\t\t\t\t\t\t\tgrifopasco@ecosermrancas.com.pe\t\t\t\t\t\t\t\t\t\t<\/p>\n\t\t\t\t\t\t\t\t\t<\/div>\n\t\t\t\t\t\t\t\t\t\t\t\t\t\t\t<\/div>\n\t\t\t\t\t\t\t\t\t\t\t\t<div class=\"contact-profile__content\">\n\t\t\t\t\t\t\t\t\t\t\t\t\t\t\t<span class=\"contact-profile__name\">EDS Pasco<\/span>\n\t\t\t\t\t\t\t\t\t\t\t\t\t<\/div>\n\t\t\t\t\t<\/div>\n\t\t\t\t<\/div>\n\n\t\t\t<\/div><\/div><div id=\"pgc-38-1-1\"  class=\"panel-grid-cell\" ><div id=\"panel-38-1-1-0\" class=\"so-panel widget widget_pw_contact_profile widget-contact-profile panel-first-child panel-last-child\" data-index=\"3\" >\t\t\t\t<div class=\"card  contact-profile\">\n\t\t\t\t\t\t\t\t\t\t\t<img decoding=\"async\" class=\"contact-profile__image  wp-post-image\" src=\"https:\/\/ecosermrancas.com.pe\/web\/wp-content\/uploads\/2021\/07\/contactoEDScanete01.jpg\" alt=\"Picture of EDS Ca\u00f1ete\">\n\t\t\t\t\t\t\t\t\t\t<div class=\"card-block  contact-profile__container\">\n\t\t\t\t\t\t\t\t\t\t\t\t\t\t\t\t\t\t\t<div class=\"contact-profile__items\">\n\t\t\t\t\t\t\t\t\t\t\t\t\t\t\t\t\t<div class=\"contact-profile__item\">\n\t\t\t\t\t\t\t\t\t\t<div class=\"contact-profile__icon\">\n\t\t\t\t\t\t\t\t\t\t\t<i class=\"fa  fa-map-marker\"><\/i>\n\t\t\t\t\t\t\t\t\t\t<\/div>\n\t\t\t\t\t\t\t\t\t\t<p class=\"contact-profile__text\">\n\t\t\t\t\t\t\t\t\t\t\tPanamericana Sur km. 143 <br> Distrito San Vicente de Ca\u00f1ete <br> Provincia de Ca\u00f1ete\t\t\t\t\t\t\t\t\t\t<\/p>\n\t\t\t\t\t\t\t\t\t<\/div>\n\t\t\t\t\t\t\t\t\t\t\t\t\t\t\t\t\t<div class=\"contact-profile__item\">\n\t\t\t\t\t\t\t\t\t\t<div class=\"contact-profile__icon\">\n\t\t\t\t\t\t\t\t\t\t\t<i class=\"fa  fa-phone\"><\/i>\n\t\t\t\t\t\t\t\t\t\t<\/div>\n\t\t\t\t\t\t\t\t\t\t<p class=\"contact-profile__text\">\n\t\t\t\t\t\t\t\t\t\t\t+51 957 845 057\t\t\t\t\t\t\t\t\t\t<\/p>\n\t\t\t\t\t\t\t\t\t<\/div>\n\t\t\t\t\t\t\t\t\t\t\t\t\t\t\t\t\t<div class=\"contact-profile__item\">\n\t\t\t\t\t\t\t\t\t\t<div class=\"contact-profile__icon\">\n\t\t\t\t\t\t\t\t\t\t\t<i class=\"fa  fa-envelope\"><\/i>\n\t\t\t\t\t\t\t\t\t\t<\/div>\n\t\t\t\t\t\t\t\t\t\t<p class=\"contact-profile__text\">\n\t\t\t\t\t\t\t\t\t\t\tedscanete@ecosermrancas.com.pe\t\t\t\t\t\t\t\t\t\t<\/p>\n\t\t\t\t\t\t\t\t\t<\/div>\n\t\t\t\t\t\t\t\t\t\t\t\t\t\t\t<\/div>\n\t\t\t\t\t\t\t\t\t\t\t\t<div class=\"contact-profile__content\">\n\t\t\t\t\t\t\t\t\t\t\t\t\t\t\t<span class=\"contact-profile__name\">EDS Ca\u00f1ete<\/span>\n\t\t\t\t\t\t\t\t\t\t\t\t\t<\/div>\n\t\t\t\t\t<\/div>\n\t\t\t\t<\/div>\n\n\t\t\t<\/div><\/div><div id=\"pgc-38-1-2\"  class=\"panel-grid-cell\" ><div id=\"panel-38-1-2-0\" class=\"so-panel widget widget_pw_contact_profile widget-contact-profile panel-first-child panel-last-child\" data-index=\"4\" >\t\t\t\t<div class=\"card  contact-profile\">\n\t\t\t\t\t\t\t\t\t\t\t<img decoding=\"async\" class=\"contact-profile__image  wp-post-image\" src=\"https:\/\/ecosermrancas.com.pe\/web\/wp-content\/uploads\/2021\/06\/contactoConcreto01.jpg\" alt=\"Picture of Planta de Concreto\">\n\t\t\t\t\t\t\t\t\t\t<div class=\"card-block  contact-profile__container\">\n\t\t\t\t\t\t\t\t\t\t\t\t\t\t\t\t\t\t\t<div class=\"contact-profile__items\">\n\t\t\t\t\t\t\t\t\t\t\t\t\t\t\t\t\t<div class=\"contact-profile__item\">\n\t\t\t\t\t\t\t\t\t\t<div class=\"contact-profile__icon\">\n\t\t\t\t\t\t\t\t\t\t\t<i class=\"fa  fa-map-marker\"><\/i>\n\t\t\t\t\t\t\t\t\t\t<\/div>\n\t\t\t\t\t\t\t\t\t\t<p class=\"contact-profile__text\">\n\t\t\t\t\t\t\t\t\t\t\tAv. La Miner\u00eda S\/N <br> Distrito Sim\u00f3n Bol\u00edvar <br> Provincia de Pasco\t\t\t\t\t\t\t\t\t\t<\/p>\n\t\t\t\t\t\t\t\t\t<\/div>\n\t\t\t\t\t\t\t\t\t\t\t\t\t\t\t\t\t<div class=\"contact-profile__item\">\n\t\t\t\t\t\t\t\t\t\t<div class=\"contact-profile__icon\">\n\t\t\t\t\t\t\t\t\t\t\t<i class=\"fa  fa-phone\"><\/i>\n\t\t\t\t\t\t\t\t\t\t<\/div>\n\t\t\t\t\t\t\t\t\t\t<p class=\"contact-profile__text\">\n\t\t\t\t\t\t\t\t\t\t\t+51 927 707 454\t\t\t\t\t\t\t\t\t\t<\/p>\n\t\t\t\t\t\t\t\t\t<\/div>\n\t\t\t\t\t\t\t\t\t\t\t\t\t\t\t\t\t<div class=\"contact-profile__item\">\n\t\t\t\t\t\t\t\t\t\t<div class=\"contact-profile__icon\">\n\t\t\t\t\t\t\t\t\t\t\t<i class=\"fa  fa-envelope\"><\/i>\n\t\t\t\t\t\t\t\t\t\t<\/div>\n\t\t\t\t\t\t\t\t\t\t<p class=\"contact-profile__text\">\n\t\t\t\t\t\t\t\t\t\t\tplantaconcreto@ecosermrancas.com.pe\t\t\t\t\t\t\t\t\t\t<\/p>\n\t\t\t\t\t\t\t\t\t<\/div>\n\t\t\t\t\t\t\t\t\t\t\t\t\t\t\t<\/div>\n\t\t\t\t\t\t\t\t\t\t\t\t<div class=\"contact-profile__content\">\n\t\t\t\t\t\t\t\t\t\t\t\t\t\t\t<span class=\"contact-profile__name\">Planta de Concreto<\/span>\n\t\t\t\t\t\t\t\t\t\t\t\t\t<\/div>\n\t\t\t\t\t<\/div>\n\t\t\t\t<\/div>\n\n\t\t\t<\/div><\/div><\/div><div id=\"pg-38-2\"  class=\"panel-grid panel-no-style\" ><div id=\"pgc-38-2-0\"  class=\"panel-grid-cell panel-grid-cell-empty\" ><\/div><\/div><\/div>","protected":false},"excerpt":{"rendered":"<p>Av. La Miner\u00eda S\/N &#8211; Rancas Distrito Sim\u00f3n Bol\u00edvar Provincia de Pasco Departamento de Pasco +51 901 775 795 info@ecosermrancas.com.pe www.ecosermrancas.com INFORMACI\u00d3N Todos los campos con * son obligatorios &#916; Av. El Minero N\u00b0 100 Mz. A Lote 1 Distrito de Yanacancha Provincia de Pasco +51 957 845 057 grifopasco@ecosermrancas.com.pe EDS Pasco Panamericana Sur km. &hellip;<\/p>\n","protected":false},"author":1,"featured_media":0,"parent":0,"menu_order":0,"comment_status":"closed","ping_status":"closed","template":"","meta":{"_acf_changed":false,"_monsterinsights_skip_tracking":false,"_monsterinsights_sitenote_active":false,"_monsterinsights_sitenote_note":"","_monsterinsights_sitenote_category":0,"footnotes":""},"class_list":["post-38","page","type-page","status-publish","hentry"],"acf":[],"_links":{"self":[{"href":"https:\/\/ecosermrancas.com.pe\/web\/wp-json\/wp\/v2\/pages\/38","targetHints":{"allow":["GET"]}}],"collection":[{"href":"https:\/\/ecosermrancas.com.pe\/web\/wp-json\/wp\/v2\/pages"}],"about":[{"href":"https:\/\/ecosermrancas.com.pe\/web\/wp-json\/wp\/v2\/types\/page"}],"author":[{"embeddable":true,"href":"https:\/\/ecosermrancas.com.pe\/web\/wp-json\/wp\/v2\/users\/1"}],"replies":[{"embeddable":true,"href":"https:\/\/ecosermrancas.com.pe\/web\/wp-json\/wp\/v2\/comments?post=38"}],"version-history":[{"count":47,"href":"https:\/\/ecosermrancas.com.pe\/web\/wp-json\/wp\/v2\/pages\/38\/revisions"}],"predecessor-version":[{"id":4542,"href":"https:\/\/ecosermrancas.com.pe\/web\/wp-json\/wp\/v2\/pages\/38\/revisions\/4542"}],"wp:attachment":[{"href":"https:\/\/ecosermrancas.com.pe\/web\/wp-json\/wp\/v2\/media?parent=38"}],"curies":[{"name":"wp","href":"https:\/\/api.w.org\/{rel}","templated":true}]}}