{"id":1080,"date":"2021-06-15T21:31:25","date_gmt":"2021-06-16T02:31:25","guid":{"rendered":"https:\/\/ecosermrancas.com.pe\/web\/?page_id=1080"},"modified":"2021-07-23T20:07:58","modified_gmt":"2021-07-24T01:07:58","slug":"nuestros-valores","status":"publish","type":"page","link":"https:\/\/ecosermrancas.com.pe\/web\/nosotros\/nuestros-valores\/","title":{"rendered":"Nuestros Valores"},"content":{"rendered":"<div id=\"pl-1080\"  class=\"panel-layout\" ><div id=\"pg-1080-0\"  class=\"panel-grid panel-no-style\" ><div id=\"pgc-1080-0-0\"  class=\"panel-grid-cell\" ><div id=\"panel-1080-0-0-0\" class=\"so-panel widget widget_pw_accordion widget-accordion panel-first-child panel-last-child\" data-index=\"0\" ><h3 class=\"widget-title\"><span class=\"widget-title__inline\">Nuestros Valores<\/span><\/h3>\t<div class=\"accordion panel-group\" id=\"accordion-widget-0-0-0\" role=\"tablist\" aria-multiselectable=\"true\">\n\t\t\t<div class=\"accordion__panel  panel  panel-default\">\n\t\t\t<div class=\"accordion__heading  panel-heading\" role=\"tab\" id=\"heading-widget-0-0-0-1\">\n\t\t\t\t<h4 class=\"panel-title\">\n\t\t\t\t\t<a class=\"collapsed\" role=\"button\" data-toggle=\"collapse\" data-parent=\"#accordion-widget-0-0-0\" href=\"#collapse-widget-0-0-0-1\" aria-expanded=\"false\" aria-controls=\"collapse-widget-0-0-0-1\">\n\t\t\t\t\t\tSeguridad\t\t\t\t\t<\/a>\n\t\t\t\t<\/h4>\n\t\t\t<\/div>\n\t\t\t<div id=\"collapse-widget-0-0-0-1\" class=\"accordion__content  panel-collapse  collapse\" role=\"tabpanel\" aria-labelledby=\"heading-widget-0-0-0-1\">\n\t\t\t\t<div class=\"panel-body\">\n\t\t\t\t\tPromovemos una cultura de cuidado y prevenci\u00f3n para que en nuestro d\u00eda a d\u00eda se garantice la integridad y salud de nuestros colaboradores.\t\t\t\t<\/div>\n\t\t\t<\/div>\n\t\t<\/div>\n\t\t\t<div class=\"accordion__panel  panel  panel-default\">\n\t\t\t<div class=\"accordion__heading  panel-heading\" role=\"tab\" id=\"heading-widget-0-0-0-2\">\n\t\t\t\t<h4 class=\"panel-title\">\n\t\t\t\t\t<a class=\"collapsed\" role=\"button\" data-toggle=\"collapse\" data-parent=\"#accordion-widget-0-0-0\" href=\"#collapse-widget-0-0-0-2\" aria-expanded=\"false\" aria-controls=\"collapse-widget-0-0-0-2\">\n\t\t\t\t\t\tIntegridad\t\t\t\t\t<\/a>\n\t\t\t\t<\/h4>\n\t\t\t<\/div>\n\t\t\t<div id=\"collapse-widget-0-0-0-2\" class=\"accordion__content  panel-collapse  collapse\" role=\"tabpanel\" aria-labelledby=\"heading-widget-0-0-0-2\">\n\t\t\t\t<div class=\"panel-body\">\n\t\t\t\t\tActuar con honestidad, disciplina y respeto, dentro y fuera de la empresa generando con\ufb01anza en los colaboradores, proveedores y clientes.\t\t\t\t<\/div>\n\t\t\t<\/div>\n\t\t<\/div>\n\t\t\t<div class=\"accordion__panel  panel  panel-default\">\n\t\t\t<div class=\"accordion__heading  panel-heading\" role=\"tab\" id=\"heading-widget-0-0-0-3\">\n\t\t\t\t<h4 class=\"panel-title\">\n\t\t\t\t\t<a class=\"collapsed\" role=\"button\" data-toggle=\"collapse\" data-parent=\"#accordion-widget-0-0-0\" href=\"#collapse-widget-0-0-0-3\" aria-expanded=\"false\" aria-controls=\"collapse-widget-0-0-0-3\">\n\t\t\t\t\t\tTrabajo en Equipo\t\t\t\t\t<\/a>\n\t\t\t\t<\/h4>\n\t\t\t<\/div>\n\t\t\t<div id=\"collapse-widget-0-0-0-3\" class=\"accordion__content  panel-collapse  collapse\" role=\"tabpanel\" aria-labelledby=\"heading-widget-0-0-0-3\">\n\t\t\t\t<div class=\"panel-body\">\n\t\t\t\t\tFortalecer la integraci\u00f3n de nuestros colaboradores para el logro de nuestros objetivos, en un ambiente de con\ufb01anza, comunicaci\u00f3n permanente y respeto.\t\t\t\t<\/div>\n\t\t\t<\/div>\n\t\t<\/div>\n\t\t\t<div class=\"accordion__panel  panel  panel-default\">\n\t\t\t<div class=\"accordion__heading  panel-heading\" role=\"tab\" id=\"heading-widget-0-0-0-4\">\n\t\t\t\t<h4 class=\"panel-title\">\n\t\t\t\t\t<a class=\"collapsed\" role=\"button\" data-toggle=\"collapse\" data-parent=\"#accordion-widget-0-0-0\" href=\"#collapse-widget-0-0-0-4\" aria-expanded=\"false\" aria-controls=\"collapse-widget-0-0-0-4\">\n\t\t\t\t\t\tCalidad\t\t\t\t\t<\/a>\n\t\t\t\t<\/h4>\n\t\t\t<\/div>\n\t\t\t<div id=\"collapse-widget-0-0-0-4\" class=\"accordion__content  panel-collapse  collapse\" role=\"tabpanel\" aria-labelledby=\"heading-widget-0-0-0-4\">\n\t\t\t\t<div class=\"panel-body\">\n\t\t\t\t\tDesarrollamos los trabajos cumpliendo los m\u00e1s altos est\u00e1ndares, que nos permite fortalecer la con\ufb01anza con nuestros clientes.\t\t\t\t<\/div>\n\t\t\t<\/div>\n\t\t<\/div>\n\t\t\t<\/div>\n\n<\/div><\/div><\/div><\/div>","protected":false},"excerpt":{"rendered":"<p>Nuestros Valores Seguridad Promovemos una cultura de cuidado y prevenci\u00f3n para que en nuestro d\u00eda a d\u00eda se garantice la integridad y salud de nuestros colaboradores. Integridad Actuar con honestidad, disciplina y respeto, dentro y fuera de la empresa generando con\ufb01anza en los colaboradores, proveedores y clientes. Trabajo en Equipo Fortalecer la integraci\u00f3n de nuestros &hellip;<\/p>\n","protected":false},"author":1,"featured_media":0,"parent":36,"menu_order":0,"comment_status":"closed","ping_status":"closed","template":"","meta":{"_acf_changed":false,"_monsterinsights_skip_tracking":false,"_monsterinsights_sitenote_active":false,"_monsterinsights_sitenote_note":"","_monsterinsights_sitenote_category":0,"footnotes":""},"class_list":["post-1080","page","type-page","status-publish","hentry"],"acf":[],"_links":{"self":[{"href":"https:\/\/ecosermrancas.com.pe\/web\/wp-json\/wp\/v2\/pages\/1080","targetHints":{"allow":["GET"]}}],"collection":[{"href":"https:\/\/ecosermrancas.com.pe\/web\/wp-json\/wp\/v2\/pages"}],"about":[{"href":"https:\/\/ecosermrancas.com.pe\/web\/wp-json\/wp\/v2\/types\/page"}],"author":[{"embeddable":true,"href":"https:\/\/ecosermrancas.com.pe\/web\/wp-json\/wp\/v2\/users\/1"}],"replies":[{"embeddable":true,"href":"https:\/\/ecosermrancas.com.pe\/web\/wp-json\/wp\/v2\/comments?post=1080"}],"version-history":[{"count":16,"href":"https:\/\/ecosermrancas.com.pe\/web\/wp-json\/wp\/v2\/pages\/1080\/revisions"}],"predecessor-version":[{"id":1953,"href":"https:\/\/ecosermrancas.com.pe\/web\/wp-json\/wp\/v2\/pages\/1080\/revisions\/1953"}],"up":[{"embeddable":true,"href":"https:\/\/ecosermrancas.com.pe\/web\/wp-json\/wp\/v2\/pages\/36"}],"wp:attachment":[{"href":"https:\/\/ecosermrancas.com.pe\/web\/wp-json\/wp\/v2\/media?parent=1080"}],"curies":[{"name":"wp","href":"https:\/\/api.w.org\/{rel}","templated":true}]}}