{"id":1076,"date":"2021-06-15T21:27:29","date_gmt":"2021-06-16T02:27:29","guid":{"rendered":"https:\/\/ecosermrancas.com.pe\/web\/?page_id=1076"},"modified":"2021-07-23T20:08:22","modified_gmt":"2021-07-24T01:08:22","slug":"mision-y-vision","status":"publish","type":"page","link":"https:\/\/ecosermrancas.com.pe\/web\/nosotros\/mision-y-vision\/","title":{"rendered":"Misi\u00f3n y Visi\u00f3n"},"content":{"rendered":"<div id=\"pl-1076\"  class=\"panel-layout\" ><div id=\"pg-1076-0\"  class=\"panel-grid panel-no-style\" ><div id=\"pgc-1076-0-0\"  class=\"panel-grid-cell\" ><div id=\"panel-1076-0-0-0\" class=\"so-panel widget widget_sow-editor panel-first-child\" data-index=\"0\" ><div\n\t\t\t\n\t\t\tclass=\"so-widget-sow-editor so-widget-sow-editor-base\"\n\t\t\t\n\t\t><h3 class=\"widget-title\"><span class=\"widget-title__inline\">Misi\u00f3n<\/span><\/h3>\n<div class=\"siteorigin-widget-tinymce textwidget\">\n\t<p>Somos una Empresa Especializada que realiza obras en miner\u00eda, obras civiles, servicio de parada de planta, servicios de alquiler de maquinarias y equipos, venta de combustibles y venta de concreto premezclado; contribuyendo as\u00ed con el desarrollo de la sociedad y satisfacci\u00f3n de nuestros clientes.<\/p>\n<\/div>\n<\/div><\/div><div id=\"panel-1076-0-0-1\" class=\"so-panel widget widget_sow-editor panel-last-child\" data-index=\"1\" ><div\n\t\t\t\n\t\t\tclass=\"so-widget-sow-editor so-widget-sow-editor-base\"\n\t\t\t\n\t\t><h3 class=\"widget-title\"><span class=\"widget-title__inline\">Visi\u00f3n<\/span><\/h3>\n<div class=\"siteorigin-widget-tinymce textwidget\">\n\t<p>Ser una Empresa Especializada l\u00edder a nivel Nacional comprometi\u00e9ndonos a responder las exigencias de nuestros clientes y garantizar una \u00f3ptima calidad, estando a la vanguardia con la tecnolog\u00eda de punta e incorporar nuevas oportunidades de negocio.<\/p>\n<\/div>\n<\/div><\/div><\/div><\/div><\/div>","protected":false},"excerpt":{"rendered":"<p>Somos una Empresa Especializada que realiza obras en miner\u00eda, obras civiles, servicio de parada de planta, servicios de alquiler de maquinarias y equipos, venta de combustibles y venta de concreto premezclado; contribuyendo as\u00ed con el desarrollo de la sociedad y satisfacci\u00f3n de nuestros clientes. Ser una Empresa Especializada l\u00edder a nivel Nacional comprometi\u00e9ndonos a responder &hellip;<\/p>\n","protected":false},"author":1,"featured_media":0,"parent":36,"menu_order":0,"comment_status":"closed","ping_status":"closed","template":"","meta":{"_acf_changed":false,"_monsterinsights_skip_tracking":false,"_monsterinsights_sitenote_active":false,"_monsterinsights_sitenote_note":"","_monsterinsights_sitenote_category":0,"footnotes":""},"class_list":["post-1076","page","type-page","status-publish","hentry"],"acf":[],"_links":{"self":[{"href":"https:\/\/ecosermrancas.com.pe\/web\/wp-json\/wp\/v2\/pages\/1076","targetHints":{"allow":["GET"]}}],"collection":[{"href":"https:\/\/ecosermrancas.com.pe\/web\/wp-json\/wp\/v2\/pages"}],"about":[{"href":"https:\/\/ecosermrancas.com.pe\/web\/wp-json\/wp\/v2\/types\/page"}],"author":[{"embeddable":true,"href":"https:\/\/ecosermrancas.com.pe\/web\/wp-json\/wp\/v2\/users\/1"}],"replies":[{"embeddable":true,"href":"https:\/\/ecosermrancas.com.pe\/web\/wp-json\/wp\/v2\/comments?post=1076"}],"version-history":[{"count":18,"href":"https:\/\/ecosermrancas.com.pe\/web\/wp-json\/wp\/v2\/pages\/1076\/revisions"}],"predecessor-version":[{"id":1955,"href":"https:\/\/ecosermrancas.com.pe\/web\/wp-json\/wp\/v2\/pages\/1076\/revisions\/1955"}],"up":[{"embeddable":true,"href":"https:\/\/ecosermrancas.com.pe\/web\/wp-json\/wp\/v2\/pages\/36"}],"wp:attachment":[{"href":"https:\/\/ecosermrancas.com.pe\/web\/wp-json\/wp\/v2\/media?parent=1076"}],"curies":[{"name":"wp","href":"https:\/\/api.w.org\/{rel}","templated":true}]}}