{"id":1049,"date":"2021-06-14T23:55:12","date_gmt":"2021-06-15T04:55:12","guid":{"rendered":"https:\/\/ecosermrancas.com.pe\/web\/?page_id=1049"},"modified":"2021-07-23T20:07:24","modified_gmt":"2021-07-24T01:07:24","slug":"historia","status":"publish","type":"page","link":"https:\/\/ecosermrancas.com.pe\/web\/nosotros\/historia\/","title":{"rendered":"Historia"},"content":{"rendered":"<div id=\"pl-1049\"  class=\"panel-layout\" ><div id=\"pg-1049-0\"  class=\"panel-grid panel-no-style\" ><div id=\"pgc-1049-0-0\"  class=\"panel-grid-cell\" ><div id=\"panel-1049-0-0-0\" class=\"so-panel widget widget_sow-editor panel-first-child panel-last-child\" data-index=\"0\" ><div\n\t\t\t\n\t\t\tclass=\"so-widget-sow-editor so-widget-sow-editor-base\"\n\t\t\t\n\t\t><h3 class=\"widget-title\"><span class=\"widget-title__inline\">Historia<\/span><\/h3>\n<div class=\"siteorigin-widget-tinymce textwidget\">\n\t<p>Los or\u00edgenes de ECOSERM Rancas, se remonta entre los a\u00f1os 1985 a 1990, cuando los comuneros tienen una disputa de terreno pastizal con la empresa minera CENTROMIN PER\u00da, esta empresa tenia tanto inter\u00e9s en el terreno, llegando a un acuerdo en el a\u00f1o de 1990, donde se firmo un convenio por una suma dineraria, con ese capital en una reuni\u00f3n de comuneros se acuerda invertir en la creaci\u00f3n de una Empresa Comunal de Servicios M\u00faltiples, constituy\u00e9ndose el 01 de agosto de 1991, siendo dirigida y administrada por la misma comunidad, adquiriendo los siguientes:<\/p>\n<ul>\n<li class=\"rtejustify\">1 Tractor Oruga<\/li>\n<li class=\"rtejustify\">4 Volquetes<\/li>\n<li class=\"rtejustify\">3 Cargadores Frontales<\/li>\n<li class=\"rtejustify\">1 Cami\u00f3n<img decoding=\"async\" src=\"http:\/\/www.ecosermrancas.com.pe\/modules\/image\/historia\/histo05.jpg\" alt=\"\" \/><\/li>\n<li class=\"rtejustify\">1 Bus Mitsubishi<\/li>\n<\/ul>\n<\/div>\n<\/div><\/div><\/div><\/div><div id=\"pg-1049-1\"  class=\"panel-grid panel-no-style\" ><div id=\"pgc-1049-1-0\"  class=\"panel-grid-cell\" ><div id=\"panel-1049-1-0-0\" class=\"so-panel widget widget_media_gallery panel-first-child panel-last-child\" data-index=\"1\" ><h3 class=\"widget-title\"><span class=\"widget-title__inline\">Galeria<\/span><\/h3><div id='gallery-1' class='gallery galleryid-1049 gallery-columns-2 gallery-size-large'><figure class='gallery-item'>\n\t\t\t<div class='gallery-icon landscape'>\n\t\t\t\t<a href='https:\/\/ecosermrancas.com.pe\/web\/wp-content\/uploads\/2021\/07\/historia02.jpg'><img decoding=\"async\" width=\"840\" height=\"420\" src=\"https:\/\/ecosermrancas.com.pe\/web\/wp-content\/uploads\/2021\/07\/historia02.jpg\" class=\"attachment-large size-large\" alt=\"\" srcset=\"https:\/\/ecosermrancas.com.pe\/web\/wp-content\/uploads\/2021\/07\/historia02.jpg 840w, https:\/\/ecosermrancas.com.pe\/web\/wp-content\/uploads\/2021\/07\/historia02-300x150.jpg 300w, https:\/\/ecosermrancas.com.pe\/web\/wp-content\/uploads\/2021\/07\/historia02-768x384.jpg 768w, https:\/\/ecosermrancas.com.pe\/web\/wp-content\/uploads\/2021\/07\/historia02-540x270.jpg 540w, https:\/\/ecosermrancas.com.pe\/web\/wp-content\/uploads\/2021\/07\/historia02-600x300.jpg 600w\" sizes=\"(max-width: 840px) 100vw, 840px\" \/><\/a>\n\t\t\t<\/div><\/figure><figure class='gallery-item'>\n\t\t\t<div class='gallery-icon landscape'>\n\t\t\t\t<a href='https:\/\/ecosermrancas.com.pe\/web\/wp-content\/uploads\/2021\/07\/historia03.jpg'><img decoding=\"async\" width=\"840\" height=\"420\" src=\"https:\/\/ecosermrancas.com.pe\/web\/wp-content\/uploads\/2021\/07\/historia03.jpg\" class=\"attachment-large size-large\" alt=\"\" srcset=\"https:\/\/ecosermrancas.com.pe\/web\/wp-content\/uploads\/2021\/07\/historia03.jpg 840w, https:\/\/ecosermrancas.com.pe\/web\/wp-content\/uploads\/2021\/07\/historia03-300x150.jpg 300w, https:\/\/ecosermrancas.com.pe\/web\/wp-content\/uploads\/2021\/07\/historia03-768x384.jpg 768w, https:\/\/ecosermrancas.com.pe\/web\/wp-content\/uploads\/2021\/07\/historia03-540x270.jpg 540w, https:\/\/ecosermrancas.com.pe\/web\/wp-content\/uploads\/2021\/07\/historia03-600x300.jpg 600w\" sizes=\"(max-width: 840px) 100vw, 840px\" \/><\/a>\n\t\t\t<\/div><\/figure><figure class='gallery-item'>\n\t\t\t<div class='gallery-icon landscape'>\n\t\t\t\t<a href='https:\/\/ecosermrancas.com.pe\/web\/wp-content\/uploads\/2021\/07\/historia04.jpg'><img decoding=\"async\" width=\"840\" height=\"420\" src=\"https:\/\/ecosermrancas.com.pe\/web\/wp-content\/uploads\/2021\/07\/historia04.jpg\" class=\"attachment-large size-large\" alt=\"\" srcset=\"https:\/\/ecosermrancas.com.pe\/web\/wp-content\/uploads\/2021\/07\/historia04.jpg 840w, https:\/\/ecosermrancas.com.pe\/web\/wp-content\/uploads\/2021\/07\/historia04-300x150.jpg 300w, https:\/\/ecosermrancas.com.pe\/web\/wp-content\/uploads\/2021\/07\/historia04-768x384.jpg 768w, https:\/\/ecosermrancas.com.pe\/web\/wp-content\/uploads\/2021\/07\/historia04-540x270.jpg 540w, https:\/\/ecosermrancas.com.pe\/web\/wp-content\/uploads\/2021\/07\/historia04-600x300.jpg 600w\" sizes=\"(max-width: 840px) 100vw, 840px\" \/><\/a>\n\t\t\t<\/div><\/figure><figure class='gallery-item'>\n\t\t\t<div class='gallery-icon landscape'>\n\t\t\t\t<a href='https:\/\/ecosermrancas.com.pe\/web\/wp-content\/uploads\/2021\/07\/historia01.jpg'><img decoding=\"async\" width=\"840\" height=\"420\" src=\"https:\/\/ecosermrancas.com.pe\/web\/wp-content\/uploads\/2021\/07\/historia01.jpg\" class=\"attachment-large size-large\" alt=\"\" srcset=\"https:\/\/ecosermrancas.com.pe\/web\/wp-content\/uploads\/2021\/07\/historia01.jpg 840w, https:\/\/ecosermrancas.com.pe\/web\/wp-content\/uploads\/2021\/07\/historia01-300x150.jpg 300w, https:\/\/ecosermrancas.com.pe\/web\/wp-content\/uploads\/2021\/07\/historia01-768x384.jpg 768w, https:\/\/ecosermrancas.com.pe\/web\/wp-content\/uploads\/2021\/07\/historia01-540x270.jpg 540w, https:\/\/ecosermrancas.com.pe\/web\/wp-content\/uploads\/2021\/07\/historia01-600x300.jpg 600w\" sizes=\"(max-width: 840px) 100vw, 840px\" \/><\/a>\n\t\t\t<\/div><\/figure>\n\t\t<\/div>\n<\/div><\/div><\/div><\/div>","protected":false},"excerpt":{"rendered":"<p>Los or\u00edgenes de ECOSERM Rancas, se remonta entre los a\u00f1os 1985 a 1990, cuando los comuneros tienen una disputa de terreno pastizal con la empresa minera CENTROMIN PER\u00da, esta empresa tenia tanto inter\u00e9s en el terreno, llegando a un acuerdo en el a\u00f1o de 1990, donde se firmo un convenio por una suma dineraria, con &hellip;<\/p>\n","protected":false},"author":1,"featured_media":0,"parent":36,"menu_order":0,"comment_status":"closed","ping_status":"closed","template":"","meta":{"_acf_changed":false,"_monsterinsights_skip_tracking":false,"_monsterinsights_sitenote_active":false,"_monsterinsights_sitenote_note":"","_monsterinsights_sitenote_category":0,"footnotes":""},"class_list":["post-1049","page","type-page","status-publish","hentry"],"acf":[],"_links":{"self":[{"href":"https:\/\/ecosermrancas.com.pe\/web\/wp-json\/wp\/v2\/pages\/1049","targetHints":{"allow":["GET"]}}],"collection":[{"href":"https:\/\/ecosermrancas.com.pe\/web\/wp-json\/wp\/v2\/pages"}],"about":[{"href":"https:\/\/ecosermrancas.com.pe\/web\/wp-json\/wp\/v2\/types\/page"}],"author":[{"embeddable":true,"href":"https:\/\/ecosermrancas.com.pe\/web\/wp-json\/wp\/v2\/users\/1"}],"replies":[{"embeddable":true,"href":"https:\/\/ecosermrancas.com.pe\/web\/wp-json\/wp\/v2\/comments?post=1049"}],"version-history":[{"count":30,"href":"https:\/\/ecosermrancas.com.pe\/web\/wp-json\/wp\/v2\/pages\/1049\/revisions"}],"predecessor-version":[{"id":1951,"href":"https:\/\/ecosermrancas.com.pe\/web\/wp-json\/wp\/v2\/pages\/1049\/revisions\/1951"}],"up":[{"embeddable":true,"href":"https:\/\/ecosermrancas.com.pe\/web\/wp-json\/wp\/v2\/pages\/36"}],"wp:attachment":[{"href":"https:\/\/ecosermrancas.com.pe\/web\/wp-json\/wp\/v2\/media?parent=1049"}],"curies":[{"name":"wp","href":"https:\/\/api.w.org\/{rel}","templated":true}]}}